{"id":801,"date":"2025-06-06T18:54:34","date_gmt":"2025-06-06T18:54:34","guid":{"rendered":"https:\/\/assistenciascanneremsp.com.br\/novo\/impressoras\/?page_id=801"},"modified":"2026-04-11T20:08:18","modified_gmt":"2026-04-11T20:08:18","slug":"laboratorios-da-assistencia-tecnica-de-informatica","status":"publish","type":"page","link":"https:\/\/recuperacaodadoshdpendrive.com.br\/?page_id=801","title":{"rendered":"Laborat\u00f3rios da Assist\u00eancia T\u00e9cnica de Inform\u00e1tica"},"content":{"rendered":"\t\t<div data-elementor-type=\"wp-page\" data-elementor-id=\"801\" class=\"elementor elementor-801\" data-elementor-post-type=\"page\">\n\t\t\t\t<div class=\"elementor-element elementor-element-6541a681 e-con-full e-flex e-con e-parent\" data-id=\"6541a681\" data-element_type=\"container\" data-e-type=\"container\" data-settings=\"{&quot;background_background&quot;:&quot;gradient&quot;}\">\n\t\t<div class=\"elementor-element elementor-element-2f6f0bfb e-con-full e-flex e-con e-child\" data-id=\"2f6f0bfb\" data-element_type=\"container\" data-e-type=\"container\">\n\t\t\t\t<div class=\"elementor-element elementor-element-76d5aacd elementor-widget__width-initial elementor-widget elementor-widget-heading\" data-id=\"76d5aacd\" data-element_type=\"widget\" data-e-type=\"widget\" data-widget_type=\"heading.default\">\n\t\t\t\t<div class=\"elementor-widget-container\">\n\t\t\t\t\t<h1 class=\"elementor-heading-title elementor-size-default\">Assist\u00eancia T\u00e9cnica  especializada em recupera\u00e7\u00e3o de dados de computadores.<\/h1>\t\t\t\t<\/div>\n\t\t\t\t<\/div>\n\t\t\t\t<div class=\"elementor-element elementor-element-42e21007 elementor-widget__width-initial elementor-widget elementor-widget-heading\" data-id=\"42e21007\" data-element_type=\"widget\" data-e-type=\"widget\" data-widget_type=\"heading.default\">\n\t\t\t\t<div class=\"elementor-widget-container\">\n\t\t\t\t\t<h2 class=\"elementor-heading-title elementor-size-default\">Conhe\u00e7a o nosso Laborat\u00f3rio<\/h2>\t\t\t\t<\/div>\n\t\t\t\t<\/div>\n\t\t\t\t<\/div>\n\t\t<div class=\"elementor-element elementor-element-72094c05 e-con-full e-flex e-con e-child\" data-id=\"72094c05\" data-element_type=\"container\" data-e-type=\"container\" data-settings=\"{&quot;background_background&quot;:&quot;classic&quot;}\">\n\t\t\t\t<div class=\"elementor-element elementor-element-483e0535 elementor-widget elementor-widget-text-editor\" data-id=\"483e0535\" data-element_type=\"widget\" data-e-type=\"widget\" data-widget_type=\"text-editor.default\">\n\t\t\t\t<div class=\"elementor-widget-container\">\n\t\t\t\t\t\t\t\t\t<p>Aqui seu computador est\u00e1 seguro.\u00a0 Transpar\u00eancia, \u00c9tica e Honestidade.<\/p>\t\t\t\t\t\t\t\t<\/div>\n\t\t\t\t<\/div>\n\t\t\t\t<\/div>\n\t\t<div class=\"elementor-element elementor-element-62a38c1 e-con-full e-flex e-con e-child\" data-id=\"62a38c1\" data-element_type=\"container\" data-e-type=\"container\">\n\t\t\t\t<div class=\"elementor-element elementor-element-1ca866f9 elementor-widget elementor-widget-text-editor\" data-id=\"1ca866f9\" data-element_type=\"widget\" data-e-type=\"widget\" data-widget_type=\"text-editor.default\">\n\t\t\t\t<div class=\"elementor-widget-container\">\n\t\t\t\t\t\t\t\t\t<p>A melhor, a mais confi\u00e1vel e a mais pr\u00f3xima assist\u00eancia t\u00e9cnica especializada em recupera\u00e7\u00e3o de dados em HD, Pendrive, Cart\u00e3o de mem\u00f3ria SD Card, SSD e M2-MVNE em S\u00e3o Paulo, s\u00e3o quase <strong>30 anos de experi\u00eancia<\/strong>, sempre focada em fazer <strong>o melhor servi\u00e7o pelo menor pre\u00e7o<\/strong>, respeitando os princ\u00edpios da transpar\u00eancia, \u00e9tica e honestidade.<\/p>\t\t\t\t\t\t\t\t<\/div>\n\t\t\t\t<\/div>\n\t\t\t\t<\/div>\n\t\t\t\t<\/div>\n\t\t<div class=\"elementor-element elementor-element-7717fee0 elementor-hidden-mobile e-con-full e-flex e-con e-parent\" data-id=\"7717fee0\" data-element_type=\"container\" data-e-type=\"container\" data-settings=\"{&quot;background_background&quot;:&quot;gradient&quot;}\">\n\t\t\t\t<div class=\"elementor-element elementor-element-36921651 gallery-spacing-custom elementor-widget__width-initial elementor-widget elementor-widget-image-gallery\" data-id=\"36921651\" data-element_type=\"widget\" data-e-type=\"widget\" data-settings=\"{&quot;_animation&quot;:&quot;none&quot;}\" data-widget_type=\"image-gallery.default\">\n\t\t\t\t<div class=\"elementor-widget-container\">\n\t\t\t\t\t\t\t<div class=\"elementor-image-gallery\">\n\t\t\t<div id='gallery-1' class='gallery galleryid-801 gallery-columns-3 gallery-size-full'><figure class='gallery-item'>\n\t\t\t<div class='gallery-icon landscape'>\n\t\t\t\t<a data-elementor-open-lightbox=\"yes\" data-elementor-lightbox-slideshow=\"36921651\" data-elementor-lightbox-title=\"galeria-ft1\" data-e-action-hash=\"#elementor-action%3Aaction%3Dlightbox%26settings%3DeyJpZCI6ODg2OCwidXJsIjoiaHR0cHM6XC9cL3JlY3VwZXJhY2FvZGFkb3NoZHBlbmRyaXZlLmNvbS5iclwvd3AtY29udGVudFwvdXBsb2Fkc1wvMjAyNlwvMDJcL2dhbGVyaWEtZnQxLndlYnAiLCJzbGlkZXNob3ciOiIzNjkyMTY1MSJ9\" href='https:\/\/recuperacaodadoshdpendrive.com.br\/wp-content\/uploads\/2026\/02\/galeria-ft1.webp'><img fetchpriority=\"high\" decoding=\"async\" width=\"1157\" height=\"854\" src=\"https:\/\/recuperacaodadoshdpendrive.com.br\/wp-content\/uploads\/2026\/02\/galeria-ft1.webp\" class=\"attachment-full size-full\" alt=\"\" srcset=\"https:\/\/recuperacaodadoshdpendrive.com.br\/wp-content\/uploads\/2026\/02\/galeria-ft1.webp 1157w, https:\/\/recuperacaodadoshdpendrive.com.br\/wp-content\/uploads\/2026\/02\/galeria-ft1-300x221.webp 300w, https:\/\/recuperacaodadoshdpendrive.com.br\/wp-content\/uploads\/2026\/02\/galeria-ft1-1024x756.webp 1024w, https:\/\/recuperacaodadoshdpendrive.com.br\/wp-content\/uploads\/2026\/02\/galeria-ft1-768x567.webp 768w\" sizes=\"(max-width: 1157px) 100vw, 1157px\" \/><\/a>\n\t\t\t<\/div><\/figure><figure class='gallery-item'>\n\t\t\t<div class='gallery-icon landscape'>\n\t\t\t\t<a data-elementor-open-lightbox=\"yes\" data-elementor-lightbox-slideshow=\"36921651\" data-elementor-lightbox-title=\"galeria-ft2\" data-e-action-hash=\"#elementor-action%3Aaction%3Dlightbox%26settings%3DeyJpZCI6ODg2NywidXJsIjoiaHR0cHM6XC9cL3JlY3VwZXJhY2FvZGFkb3NoZHBlbmRyaXZlLmNvbS5iclwvd3AtY29udGVudFwvdXBsb2Fkc1wvMjAyNlwvMDJcL2dhbGVyaWEtZnQyLndlYnAiLCJzbGlkZXNob3ciOiIzNjkyMTY1MSJ9\" href='https:\/\/recuperacaodadoshdpendrive.com.br\/wp-content\/uploads\/2026\/02\/galeria-ft2.webp'><img decoding=\"async\" width=\"1157\" height=\"854\" src=\"https:\/\/recuperacaodadoshdpendrive.com.br\/wp-content\/uploads\/2026\/02\/galeria-ft2.webp\" class=\"attachment-full size-full\" alt=\"\" srcset=\"https:\/\/recuperacaodadoshdpendrive.com.br\/wp-content\/uploads\/2026\/02\/galeria-ft2.webp 1157w, https:\/\/recuperacaodadoshdpendrive.com.br\/wp-content\/uploads\/2026\/02\/galeria-ft2-300x221.webp 300w, https:\/\/recuperacaodadoshdpendrive.com.br\/wp-content\/uploads\/2026\/02\/galeria-ft2-1024x756.webp 1024w, https:\/\/recuperacaodadoshdpendrive.com.br\/wp-content\/uploads\/2026\/02\/galeria-ft2-768x567.webp 768w\" sizes=\"(max-width: 1157px) 100vw, 1157px\" \/><\/a>\n\t\t\t<\/div><\/figure><figure class='gallery-item'>\n\t\t\t<div class='gallery-icon landscape'>\n\t\t\t\t<a data-elementor-open-lightbox=\"yes\" data-elementor-lightbox-slideshow=\"36921651\" data-elementor-lightbox-title=\"galeria-ft3\" data-e-action-hash=\"#elementor-action%3Aaction%3Dlightbox%26settings%3DeyJpZCI6ODg2NiwidXJsIjoiaHR0cHM6XC9cL3JlY3VwZXJhY2FvZGFkb3NoZHBlbmRyaXZlLmNvbS5iclwvd3AtY29udGVudFwvdXBsb2Fkc1wvMjAyNlwvMDJcL2dhbGVyaWEtZnQzLndlYnAiLCJzbGlkZXNob3ciOiIzNjkyMTY1MSJ9\" href='https:\/\/recuperacaodadoshdpendrive.com.br\/wp-content\/uploads\/2026\/02\/galeria-ft3.webp'><img decoding=\"async\" width=\"1157\" height=\"854\" src=\"https:\/\/recuperacaodadoshdpendrive.com.br\/wp-content\/uploads\/2026\/02\/galeria-ft3.webp\" class=\"attachment-full size-full\" alt=\"\" srcset=\"https:\/\/recuperacaodadoshdpendrive.com.br\/wp-content\/uploads\/2026\/02\/galeria-ft3.webp 1157w, https:\/\/recuperacaodadoshdpendrive.com.br\/wp-content\/uploads\/2026\/02\/galeria-ft3-300x221.webp 300w, https:\/\/recuperacaodadoshdpendrive.com.br\/wp-content\/uploads\/2026\/02\/galeria-ft3-1024x756.webp 1024w, https:\/\/recuperacaodadoshdpendrive.com.br\/wp-content\/uploads\/2026\/02\/galeria-ft3-768x567.webp 768w\" sizes=\"(max-width: 1157px) 100vw, 1157px\" \/><\/a>\n\t\t\t<\/div><\/figure><figure class='gallery-item'>\n\t\t\t<div class='gallery-icon landscape'>\n\t\t\t\t<a data-elementor-open-lightbox=\"yes\" data-elementor-lightbox-slideshow=\"36921651\" data-elementor-lightbox-title=\"galeria-ft4\" data-e-action-hash=\"#elementor-action%3Aaction%3Dlightbox%26settings%3DeyJpZCI6ODg2NSwidXJsIjoiaHR0cHM6XC9cL3JlY3VwZXJhY2FvZGFkb3NoZHBlbmRyaXZlLmNvbS5iclwvd3AtY29udGVudFwvdXBsb2Fkc1wvMjAyNlwvMDJcL2dhbGVyaWEtZnQ0LndlYnAiLCJzbGlkZXNob3ciOiIzNjkyMTY1MSJ9\" href='https:\/\/recuperacaodadoshdpendrive.com.br\/wp-content\/uploads\/2026\/02\/galeria-ft4.webp'><img loading=\"lazy\" decoding=\"async\" width=\"1157\" height=\"854\" src=\"https:\/\/recuperacaodadoshdpendrive.com.br\/wp-content\/uploads\/2026\/02\/galeria-ft4.webp\" class=\"attachment-full size-full\" alt=\"\" srcset=\"https:\/\/recuperacaodadoshdpendrive.com.br\/wp-content\/uploads\/2026\/02\/galeria-ft4.webp 1157w, https:\/\/recuperacaodadoshdpendrive.com.br\/wp-content\/uploads\/2026\/02\/galeria-ft4-300x221.webp 300w, https:\/\/recuperacaodadoshdpendrive.com.br\/wp-content\/uploads\/2026\/02\/galeria-ft4-1024x756.webp 1024w, https:\/\/recuperacaodadoshdpendrive.com.br\/wp-content\/uploads\/2026\/02\/galeria-ft4-768x567.webp 768w\" sizes=\"(max-width: 1157px) 100vw, 1157px\" \/><\/a>\n\t\t\t<\/div><\/figure><figure class='gallery-item'>\n\t\t\t<div class='gallery-icon landscape'>\n\t\t\t\t<a data-elementor-open-lightbox=\"yes\" data-elementor-lightbox-slideshow=\"36921651\" data-elementor-lightbox-title=\"galeria-ft6\" data-e-action-hash=\"#elementor-action%3Aaction%3Dlightbox%26settings%3DeyJpZCI6ODg2NCwidXJsIjoiaHR0cHM6XC9cL3JlY3VwZXJhY2FvZGFkb3NoZHBlbmRyaXZlLmNvbS5iclwvd3AtY29udGVudFwvdXBsb2Fkc1wvMjAyNlwvMDJcL2dhbGVyaWEtZnQ2LndlYnAiLCJzbGlkZXNob3ciOiIzNjkyMTY1MSJ9\" href='https:\/\/recuperacaodadoshdpendrive.com.br\/wp-content\/uploads\/2026\/02\/galeria-ft6.webp'><img loading=\"lazy\" decoding=\"async\" width=\"1157\" height=\"854\" src=\"https:\/\/recuperacaodadoshdpendrive.com.br\/wp-content\/uploads\/2026\/02\/galeria-ft6.webp\" class=\"attachment-full size-full\" alt=\"\" srcset=\"https:\/\/recuperacaodadoshdpendrive.com.br\/wp-content\/uploads\/2026\/02\/galeria-ft6.webp 1157w, https:\/\/recuperacaodadoshdpendrive.com.br\/wp-content\/uploads\/2026\/02\/galeria-ft6-300x221.webp 300w, https:\/\/recuperacaodadoshdpendrive.com.br\/wp-content\/uploads\/2026\/02\/galeria-ft6-1024x756.webp 1024w, https:\/\/recuperacaodadoshdpendrive.com.br\/wp-content\/uploads\/2026\/02\/galeria-ft6-768x567.webp 768w\" sizes=\"(max-width: 1157px) 100vw, 1157px\" \/><\/a>\n\t\t\t<\/div><\/figure><figure class='gallery-item'>\n\t\t\t<div class='gallery-icon landscape'>\n\t\t\t\t<a data-elementor-open-lightbox=\"yes\" data-elementor-lightbox-slideshow=\"36921651\" data-elementor-lightbox-title=\"galeria-ft7\" data-e-action-hash=\"#elementor-action%3Aaction%3Dlightbox%26settings%3DeyJpZCI6ODg2MywidXJsIjoiaHR0cHM6XC9cL3JlY3VwZXJhY2FvZGFkb3NoZHBlbmRyaXZlLmNvbS5iclwvd3AtY29udGVudFwvdXBsb2Fkc1wvMjAyNlwvMDJcL2dhbGVyaWEtZnQ3LndlYnAiLCJzbGlkZXNob3ciOiIzNjkyMTY1MSJ9\" href='https:\/\/recuperacaodadoshdpendrive.com.br\/wp-content\/uploads\/2026\/02\/galeria-ft7.webp'><img loading=\"lazy\" decoding=\"async\" width=\"1157\" height=\"854\" src=\"https:\/\/recuperacaodadoshdpendrive.com.br\/wp-content\/uploads\/2026\/02\/galeria-ft7.webp\" class=\"attachment-full size-full\" alt=\"\" srcset=\"https:\/\/recuperacaodadoshdpendrive.com.br\/wp-content\/uploads\/2026\/02\/galeria-ft7.webp 1157w, https:\/\/recuperacaodadoshdpendrive.com.br\/wp-content\/uploads\/2026\/02\/galeria-ft7-300x221.webp 300w, https:\/\/recuperacaodadoshdpendrive.com.br\/wp-content\/uploads\/2026\/02\/galeria-ft7-1024x756.webp 1024w, https:\/\/recuperacaodadoshdpendrive.com.br\/wp-content\/uploads\/2026\/02\/galeria-ft7-768x567.webp 768w\" sizes=\"(max-width: 1157px) 100vw, 1157px\" \/><\/a>\n\t\t\t<\/div><\/figure>\n\t\t<\/div>\n\t\t<\/div>\n\t\t\t\t\t\t<\/div>\n\t\t\t\t<\/div>\n\t\t\t\t<\/div>\n\t\t\t\t<\/div>\n\t\t","protected":false},"excerpt":{"rendered":"<p>Assist\u00eancia T\u00e9cnica especializada em recupera\u00e7\u00e3o de dados de computadores. Conhe\u00e7a o nosso Laborat\u00f3rio Aqui seu computador est\u00e1 seguro.\u00a0 Transpar\u00eancia, \u00c9tica e Honestidade. A melhor, a mais confi\u00e1vel e a mais pr\u00f3xima assist\u00eancia t\u00e9cnica especializada em recupera\u00e7\u00e3o de dados em HD, Pendrive, Cart\u00e3o de mem\u00f3ria SD Card, SSD e M2-MVNE em S\u00e3o Paulo, s\u00e3o quase 30 [&hellip;]<\/p>\n","protected":false},"author":1,"featured_media":0,"parent":0,"menu_order":0,"comment_status":"closed","ping_status":"closed","template":"","meta":{"footnotes":""},"folder":[],"class_list":["post-801","page","type-page","status-publish","hentry"],"yoast_head":"<!-- This site is optimized with the Yoast SEO plugin v27.3 - https:\/\/yoast.com\/product\/yoast-seo-wordpress\/ -->\n<title>Laborat\u00f3rios da Assist\u00eancia T\u00e9cnica de Inform\u00e1tica - Recupera\u00e7\u00e3o de Dados em S\u00e3o Paulo<\/title>\n<meta name=\"description\" content=\"Especialistas em conserto de computadores de todas as marcas. Resolvemos erros de firmware, leitura e falhas de escaneamento. Brooklin, ZS\" \/>\n<meta name=\"robots\" content=\"index, follow, max-snippet:-1, max-image-preview:large, max-video-preview:-1\" \/>\n<link rel=\"canonical\" href=\"https:\/\/recuperacaodadoshdpendrive.com.br\/?page_id=801\" \/>\n<meta property=\"og:locale\" content=\"pt_BR\" \/>\n<meta property=\"og:type\" content=\"article\" \/>\n<meta property=\"og:title\" content=\"Laborat\u00f3rios da Assist\u00eancia T\u00e9cnica de Inform\u00e1tica - Recupera\u00e7\u00e3o de Dados em S\u00e3o Paulo\" \/>\n<meta property=\"og:description\" content=\"Especialistas em conserto de computadores de todas as marcas. Resolvemos erros de firmware, leitura e falhas de escaneamento. Brooklin, ZS\" \/>\n<meta property=\"og:url\" content=\"https:\/\/recuperacaodadoshdpendrive.com.br\/?page_id=801\" \/>\n<meta property=\"og:site_name\" content=\"Recupera\u00e7\u00e3o de Dados em S\u00e3o Paulo\" \/>\n<meta property=\"article:modified_time\" content=\"2026-04-11T20:08:18+00:00\" \/>\n<meta property=\"og:image\" content=\"https:\/\/recuperacaodadoshdpendrive.com.br\/wp-content\/uploads\/2026\/02\/galeria-ft1.webp\" \/>\n<meta name=\"twitter:card\" content=\"summary_large_image\" \/>\n<meta name=\"twitter:label1\" content=\"Est. tempo de leitura\" \/>\n\t<meta name=\"twitter:data1\" content=\"2 minutos\" \/>\n<script type=\"application\/ld+json\" class=\"yoast-schema-graph\">{\"@context\":\"https:\\\/\\\/schema.org\",\"@graph\":[{\"@type\":\"WebPage\",\"@id\":\"https:\\\/\\\/recuperacaodadoshdpendrive.com.br\\\/?page_id=801\",\"url\":\"https:\\\/\\\/recuperacaodadoshdpendrive.com.br\\\/?page_id=801\",\"name\":\"Laborat\u00f3rios da Assist\u00eancia T\u00e9cnica de Inform\u00e1tica - Recupera\u00e7\u00e3o de Dados em S\u00e3o Paulo\",\"isPartOf\":{\"@id\":\"https:\\\/\\\/recuperacaodadoshdpendrive.com.br\\\/#website\"},\"primaryImageOfPage\":{\"@id\":\"https:\\\/\\\/recuperacaodadoshdpendrive.com.br\\\/?page_id=801#primaryimage\"},\"image\":{\"@id\":\"https:\\\/\\\/recuperacaodadoshdpendrive.com.br\\\/?page_id=801#primaryimage\"},\"thumbnailUrl\":\"https:\\\/\\\/recuperacaodadoshdpendrive.com.br\\\/wp-content\\\/uploads\\\/2026\\\/02\\\/galeria-ft1.webp\",\"datePublished\":\"2025-06-06T18:54:34+00:00\",\"dateModified\":\"2026-04-11T20:08:18+00:00\",\"description\":\"Especialistas em conserto de computadores de todas as marcas. Resolvemos erros de firmware, leitura e falhas de escaneamento. Brooklin, ZS\",\"breadcrumb\":{\"@id\":\"https:\\\/\\\/recuperacaodadoshdpendrive.com.br\\\/?page_id=801#breadcrumb\"},\"inLanguage\":\"pt-BR\",\"potentialAction\":[{\"@type\":\"ReadAction\",\"target\":[\"https:\\\/\\\/recuperacaodadoshdpendrive.com.br\\\/?page_id=801\"]}]},{\"@type\":\"ImageObject\",\"inLanguage\":\"pt-BR\",\"@id\":\"https:\\\/\\\/recuperacaodadoshdpendrive.com.br\\\/?page_id=801#primaryimage\",\"url\":\"https:\\\/\\\/recuperacaodadoshdpendrive.com.br\\\/wp-content\\\/uploads\\\/2026\\\/02\\\/galeria-ft1.webp\",\"contentUrl\":\"https:\\\/\\\/recuperacaodadoshdpendrive.com.br\\\/wp-content\\\/uploads\\\/2026\\\/02\\\/galeria-ft1.webp\"},{\"@type\":\"BreadcrumbList\",\"@id\":\"https:\\\/\\\/recuperacaodadoshdpendrive.com.br\\\/?page_id=801#breadcrumb\",\"itemListElement\":[{\"@type\":\"ListItem\",\"position\":1,\"name\":\"In\u00edcio\",\"item\":\"https:\\\/\\\/recuperacaodadoshdpendrive.com.br\\\/\"},{\"@type\":\"ListItem\",\"position\":2,\"name\":\"Laborat\u00f3rios da Assist\u00eancia T\u00e9cnica de Inform\u00e1tica\"}]},{\"@type\":\"WebSite\",\"@id\":\"https:\\\/\\\/recuperacaodadoshdpendrive.com.br\\\/#website\",\"url\":\"https:\\\/\\\/recuperacaodadoshdpendrive.com.br\\\/\",\"name\":\"Recupera\u00e7\u00e3o de Dados em S\u00e3o Paulo\",\"description\":\"Recupera\u00e7\u00e3o de dados em HD, Pendrive, Cart\u00e3o de mem\u00f3ria SD\",\"publisher\":{\"@id\":\"https:\\\/\\\/recuperacaodadoshdpendrive.com.br\\\/#organization\"},\"potentialAction\":[{\"@type\":\"SearchAction\",\"target\":{\"@type\":\"EntryPoint\",\"urlTemplate\":\"https:\\\/\\\/recuperacaodadoshdpendrive.com.br\\\/?s={search_term_string}\"},\"query-input\":{\"@type\":\"PropertyValueSpecification\",\"valueRequired\":true,\"valueName\":\"search_term_string\"}}],\"inLanguage\":\"pt-BR\"},{\"@type\":\"Organization\",\"@id\":\"https:\\\/\\\/recuperacaodadoshdpendrive.com.br\\\/#organization\",\"name\":\"Recupera\u00e7\u00e3o de Dados em S\u00e3o Paulo\",\"url\":\"https:\\\/\\\/recuperacaodadoshdpendrive.com.br\\\/\",\"logo\":{\"@type\":\"ImageObject\",\"inLanguage\":\"pt-BR\",\"@id\":\"https:\\\/\\\/recuperacaodadoshdpendrive.com.br\\\/#\\\/schema\\\/logo\\\/image\\\/\",\"url\":\"\",\"contentUrl\":\"\",\"caption\":\"Recupera\u00e7\u00e3o de Dados em S\u00e3o Paulo\"},\"image\":{\"@id\":\"https:\\\/\\\/recuperacaodadoshdpendrive.com.br\\\/#\\\/schema\\\/logo\\\/image\\\/\"}}]}<\/script>\n<!-- \/ Yoast SEO plugin. -->","yoast_head_json":{"title":"Laborat\u00f3rios da Assist\u00eancia T\u00e9cnica de Inform\u00e1tica - Recupera\u00e7\u00e3o de Dados em S\u00e3o Paulo","description":"Especialistas em conserto de computadores de todas as marcas. Resolvemos erros de firmware, leitura e falhas de escaneamento. Brooklin, ZS","robots":{"index":"index","follow":"follow","max-snippet":"max-snippet:-1","max-image-preview":"max-image-preview:large","max-video-preview":"max-video-preview:-1"},"canonical":"https:\/\/recuperacaodadoshdpendrive.com.br\/?page_id=801","og_locale":"pt_BR","og_type":"article","og_title":"Laborat\u00f3rios da Assist\u00eancia T\u00e9cnica de Inform\u00e1tica - Recupera\u00e7\u00e3o de Dados em S\u00e3o Paulo","og_description":"Especialistas em conserto de computadores de todas as marcas. Resolvemos erros de firmware, leitura e falhas de escaneamento. Brooklin, ZS","og_url":"https:\/\/recuperacaodadoshdpendrive.com.br\/?page_id=801","og_site_name":"Recupera\u00e7\u00e3o de Dados em S\u00e3o Paulo","article_modified_time":"2026-04-11T20:08:18+00:00","og_image":[{"url":"https:\/\/recuperacaodadoshdpendrive.com.br\/wp-content\/uploads\/2026\/02\/galeria-ft1.webp","type":"","width":"","height":""}],"twitter_card":"summary_large_image","twitter_misc":{"Est. tempo de leitura":"2 minutos"},"schema":{"@context":"https:\/\/schema.org","@graph":[{"@type":"WebPage","@id":"https:\/\/recuperacaodadoshdpendrive.com.br\/?page_id=801","url":"https:\/\/recuperacaodadoshdpendrive.com.br\/?page_id=801","name":"Laborat\u00f3rios da Assist\u00eancia T\u00e9cnica de Inform\u00e1tica - Recupera\u00e7\u00e3o de Dados em S\u00e3o Paulo","isPartOf":{"@id":"https:\/\/recuperacaodadoshdpendrive.com.br\/#website"},"primaryImageOfPage":{"@id":"https:\/\/recuperacaodadoshdpendrive.com.br\/?page_id=801#primaryimage"},"image":{"@id":"https:\/\/recuperacaodadoshdpendrive.com.br\/?page_id=801#primaryimage"},"thumbnailUrl":"https:\/\/recuperacaodadoshdpendrive.com.br\/wp-content\/uploads\/2026\/02\/galeria-ft1.webp","datePublished":"2025-06-06T18:54:34+00:00","dateModified":"2026-04-11T20:08:18+00:00","description":"Especialistas em conserto de computadores de todas as marcas. Resolvemos erros de firmware, leitura e falhas de escaneamento. Brooklin, ZS","breadcrumb":{"@id":"https:\/\/recuperacaodadoshdpendrive.com.br\/?page_id=801#breadcrumb"},"inLanguage":"pt-BR","potentialAction":[{"@type":"ReadAction","target":["https:\/\/recuperacaodadoshdpendrive.com.br\/?page_id=801"]}]},{"@type":"ImageObject","inLanguage":"pt-BR","@id":"https:\/\/recuperacaodadoshdpendrive.com.br\/?page_id=801#primaryimage","url":"https:\/\/recuperacaodadoshdpendrive.com.br\/wp-content\/uploads\/2026\/02\/galeria-ft1.webp","contentUrl":"https:\/\/recuperacaodadoshdpendrive.com.br\/wp-content\/uploads\/2026\/02\/galeria-ft1.webp"},{"@type":"BreadcrumbList","@id":"https:\/\/recuperacaodadoshdpendrive.com.br\/?page_id=801#breadcrumb","itemListElement":[{"@type":"ListItem","position":1,"name":"In\u00edcio","item":"https:\/\/recuperacaodadoshdpendrive.com.br\/"},{"@type":"ListItem","position":2,"name":"Laborat\u00f3rios da Assist\u00eancia T\u00e9cnica de Inform\u00e1tica"}]},{"@type":"WebSite","@id":"https:\/\/recuperacaodadoshdpendrive.com.br\/#website","url":"https:\/\/recuperacaodadoshdpendrive.com.br\/","name":"Recupera\u00e7\u00e3o de Dados em S\u00e3o Paulo","description":"Recupera\u00e7\u00e3o de dados em HD, Pendrive, Cart\u00e3o de mem\u00f3ria SD","publisher":{"@id":"https:\/\/recuperacaodadoshdpendrive.com.br\/#organization"},"potentialAction":[{"@type":"SearchAction","target":{"@type":"EntryPoint","urlTemplate":"https:\/\/recuperacaodadoshdpendrive.com.br\/?s={search_term_string}"},"query-input":{"@type":"PropertyValueSpecification","valueRequired":true,"valueName":"search_term_string"}}],"inLanguage":"pt-BR"},{"@type":"Organization","@id":"https:\/\/recuperacaodadoshdpendrive.com.br\/#organization","name":"Recupera\u00e7\u00e3o de Dados em S\u00e3o Paulo","url":"https:\/\/recuperacaodadoshdpendrive.com.br\/","logo":{"@type":"ImageObject","inLanguage":"pt-BR","@id":"https:\/\/recuperacaodadoshdpendrive.com.br\/#\/schema\/logo\/image\/","url":"","contentUrl":"","caption":"Recupera\u00e7\u00e3o de Dados em S\u00e3o Paulo"},"image":{"@id":"https:\/\/recuperacaodadoshdpendrive.com.br\/#\/schema\/logo\/image\/"}}]}},"_hostinger_reach_plugin_has_subscription_block":false,"_hostinger_reach_plugin_is_elementor":false,"_links":{"self":[{"href":"https:\/\/recuperacaodadoshdpendrive.com.br\/index.php?rest_route=\/wp\/v2\/pages\/801","targetHints":{"allow":["GET"]}}],"collection":[{"href":"https:\/\/recuperacaodadoshdpendrive.com.br\/index.php?rest_route=\/wp\/v2\/pages"}],"about":[{"href":"https:\/\/recuperacaodadoshdpendrive.com.br\/index.php?rest_route=\/wp\/v2\/types\/page"}],"author":[{"embeddable":true,"href":"https:\/\/recuperacaodadoshdpendrive.com.br\/index.php?rest_route=\/wp\/v2\/users\/1"}],"replies":[{"embeddable":true,"href":"https:\/\/recuperacaodadoshdpendrive.com.br\/index.php?rest_route=%2Fwp%2Fv2%2Fcomments&post=801"}],"version-history":[{"count":13,"href":"https:\/\/recuperacaodadoshdpendrive.com.br\/index.php?rest_route=\/wp\/v2\/pages\/801\/revisions"}],"predecessor-version":[{"id":12097,"href":"https:\/\/recuperacaodadoshdpendrive.com.br\/index.php?rest_route=\/wp\/v2\/pages\/801\/revisions\/12097"}],"wp:attachment":[{"href":"https:\/\/recuperacaodadoshdpendrive.com.br\/index.php?rest_route=%2Fwp%2Fv2%2Fmedia&parent=801"}],"wp:term":[{"taxonomy":"folder","embeddable":true,"href":"https:\/\/recuperacaodadoshdpendrive.com.br\/index.php?rest_route=%2Fwp%2Fv2%2Ffolder&post=801"}],"curies":[{"name":"wp","href":"https:\/\/api.w.org\/{rel}","templated":true}]}}