{"id":312,"date":"2025-05-30T14:34:27","date_gmt":"2025-05-30T14:34:27","guid":{"rendered":"https:\/\/assistenciascanneremsp.com.br\/novo\/impressoras\/?page_id=312"},"modified":"2026-04-11T20:02:18","modified_gmt":"2026-04-11T20:02:18","slug":"servicos-em-equipamentos-de-informatica","status":"publish","type":"page","link":"https:\/\/recuperacaodadoshdpendrive.com.br\/?page_id=312","title":{"rendered":"Desde 1996 | Servi\u00e7os em Equipamentos de Informatica"},"content":{"rendered":"\t\t<div data-elementor-type=\"wp-page\" data-elementor-id=\"312\" class=\"elementor elementor-312\" data-elementor-post-type=\"page\">\n\t\t\t\t<div class=\"elementor-element elementor-element-f3818fe e-con-full e-flex e-con e-parent\" data-id=\"f3818fe\" data-element_type=\"container\" data-e-type=\"container\" data-settings=\"{&quot;background_background&quot;:&quot;video&quot;,&quot;background_video_link&quot;:&quot;https:\\\/\\\/recuperacaodadoshdpendrive.com.br\\\/wp-content\\\/uploads\\\/2026\\\/04\\\/Intercompnet-recuperacao-de-dados-A.mp4&quot;}\">\n\t\t<div class=\"elementor-background-video-container elementor-hidden-mobile\">\n\t\t\t\t\t\t\t<video class=\"elementor-background-video-hosted\" role=\"presentation\" autoplay muted playsinline loop><\/video>\n\t\t\t\t\t<\/div>\t\t<div class=\"elementor-element elementor-element-618f1e3 elementor-widget__width-initial elementor-widget elementor-widget-heading\" data-id=\"618f1e3\" data-element_type=\"widget\" data-e-type=\"widget\" data-widget_type=\"heading.default\">\n\t\t\t\t<div class=\"elementor-widget-container\">\n\t\t\t\t\t<h1 class=\"elementor-heading-title elementor-size-default\">Assist\u00eancia t\u00e9cnica especializada em recupera\u00e7\u00e3o de dados<\/h1>\t\t\t\t<\/div>\n\t\t\t\t<\/div>\n\t\t<div class=\"elementor-element elementor-element-9f30cc2 e-con-full e-flex e-con e-child\" data-id=\"9f30cc2\" data-element_type=\"container\" data-e-type=\"container\">\n\t\t<div class=\"elementor-element elementor-element-77d3a59 e-con-full animated-slow e-flex elementor-invisible e-con e-child\" data-id=\"77d3a59\" data-element_type=\"container\" data-e-type=\"container\" data-settings=\"{&quot;background_background&quot;:&quot;gradient&quot;,&quot;motion_fx_motion_fx_scrolling&quot;:&quot;yes&quot;,&quot;animation&quot;:&quot;swing&quot;,&quot;animation_delay&quot;:500,&quot;motion_fx_devices&quot;:[&quot;widescreen&quot;,&quot;desktop&quot;,&quot;laptop&quot;,&quot;tablet_extra&quot;,&quot;tablet&quot;,&quot;mobile_extra&quot;,&quot;mobile&quot;]}\">\n\t\t<div class=\"elementor-element elementor-element-4286ad4 e-con-full card e-flex e-con e-child\" data-id=\"4286ad4\" data-element_type=\"container\" data-e-type=\"container\" data-settings=\"{&quot;background_background&quot;:&quot;classic&quot;,&quot;motion_fx_motion_fx_scrolling&quot;:&quot;yes&quot;,&quot;motion_fx_devices&quot;:[&quot;widescreen&quot;,&quot;desktop&quot;,&quot;laptop&quot;,&quot;tablet_extra&quot;,&quot;tablet&quot;,&quot;mobile_extra&quot;,&quot;mobile&quot;]}\">\n\t\t<div class=\"elementor-element elementor-element-2c98bc3 e-con-full inner e-flex e-con e-child\" data-id=\"2c98bc3\" data-element_type=\"container\" data-e-type=\"container\" data-settings=\"{&quot;background_background&quot;:&quot;classic&quot;,&quot;motion_fx_motion_fx_scrolling&quot;:&quot;yes&quot;,&quot;motion_fx_devices&quot;:[&quot;widescreen&quot;,&quot;desktop&quot;,&quot;laptop&quot;,&quot;tablet_extra&quot;,&quot;tablet&quot;,&quot;mobile_extra&quot;,&quot;mobile&quot;]}\">\n\t\t<div class=\"elementor-element elementor-element-cd40f20 e-con-full e-flex e-con e-child\" data-id=\"cd40f20\" data-element_type=\"container\" data-e-type=\"container\">\n\t\t\t\t<div class=\"elementor-element elementor-element-cdc29a2 pulse3 elementor-view-default elementor-widget elementor-widget-icon\" data-id=\"cdc29a2\" data-element_type=\"widget\" data-e-type=\"widget\" data-widget_type=\"icon.default\">\n\t\t\t\t<div class=\"elementor-widget-container\">\n\t\t\t\t\t\t\t<div class=\"elementor-icon-wrapper\">\n\t\t\t<div class=\"elementor-icon\">\n\t\t\t<svg aria-hidden=\"true\" class=\"e-font-icon-svg e-far-thumbs-up\" viewBox=\"0 0 512 512\" xmlns=\"http:\/\/www.w3.org\/2000\/svg\"><path d=\"M466.27 286.69C475.04 271.84 480 256 480 236.85c0-44.015-37.218-85.58-85.82-85.58H357.7c4.92-12.81 8.85-28.13 8.85-46.54C366.55 31.936 328.86 0 271.28 0c-61.607 0-58.093 94.933-71.76 108.6-22.747 22.747-49.615 66.447-68.76 83.4H32c-17.673 0-32 14.327-32 32v240c0 17.673 14.327 32 32 32h64c14.893 0 27.408-10.174 30.978-23.95 44.509 1.001 75.06 39.94 177.802 39.94 7.22 0 15.22.01 22.22.01 77.117 0 111.986-39.423 112.94-95.33 13.319-18.425 20.299-43.122 17.34-66.99 9.854-18.452 13.664-40.343 8.99-62.99zm-61.75 53.83c12.56 21.13 1.26 49.41-13.94 57.57 7.7 48.78-17.608 65.9-53.12 65.9h-37.82c-71.639 0-118.029-37.82-171.64-37.82V240h10.92c28.36 0 67.98-70.89 94.54-97.46 28.36-28.36 18.91-75.63 37.82-94.54 47.27 0 47.27 32.98 47.27 56.73 0 39.17-28.36 56.72-28.36 94.54h103.99c21.11 0 37.73 18.91 37.82 37.82.09 18.9-12.82 37.81-22.27 37.81 13.489 14.555 16.371 45.236-5.21 65.62zM88 432c0 13.255-10.745 24-24 24s-24-10.745-24-24 10.745-24 24-24 24 10.745 24 24z\"><\/path><\/svg>\t\t\t<\/div>\n\t\t<\/div>\n\t\t\t\t\t\t<\/div>\n\t\t\t\t<\/div>\n\t\t\t\t<\/div>\n\t\t<div class=\"elementor-element elementor-element-4009ee8 e-con-full e-flex e-con e-child\" data-id=\"4009ee8\" data-element_type=\"container\" data-e-type=\"container\">\n\t\t\t\t<div class=\"elementor-element elementor-element-f76620f elementor-widget elementor-widget-heading\" data-id=\"f76620f\" data-element_type=\"widget\" data-e-type=\"widget\" data-widget_type=\"heading.default\">\n\t\t\t\t<div class=\"elementor-widget-container\">\n\t\t\t\t\t<h2 class=\"elementor-heading-title elementor-size-default\">\u00bb 30 anos de experi\u00eancia<\/h2>\t\t\t\t<\/div>\n\t\t\t\t<\/div>\n\t\t\t\t<div class=\"elementor-element elementor-element-257ff12 elementor-widget elementor-widget-heading\" data-id=\"257ff12\" data-element_type=\"widget\" data-e-type=\"widget\" data-widget_type=\"heading.default\">\n\t\t\t\t<div class=\"elementor-widget-container\">\n\t\t\t\t\t<h2 class=\"elementor-heading-title elementor-size-default\">\u00bb \u00d3tima localiza\u00e7\u00e3o<\/h2>\t\t\t\t<\/div>\n\t\t\t\t<\/div>\n\t\t\t\t<div class=\"elementor-element elementor-element-43503eb elementor-widget elementor-widget-heading\" data-id=\"43503eb\" data-element_type=\"widget\" data-e-type=\"widget\" data-widget_type=\"heading.default\">\n\t\t\t\t<div class=\"elementor-widget-container\">\n\t\t\t\t\t<h2 class=\"elementor-heading-title elementor-size-default\">\u00bb Local mais seguro<\/h2>\t\t\t\t<\/div>\n\t\t\t\t<\/div>\n\t\t\t\t<div class=\"elementor-element elementor-element-bc0f3d4 elementor-widget elementor-widget-heading\" data-id=\"bc0f3d4\" data-element_type=\"widget\" data-e-type=\"widget\" data-widget_type=\"heading.default\">\n\t\t\t\t<div class=\"elementor-widget-container\">\n\t\t\t\t\t<h2 class=\"elementor-heading-title elementor-size-default\">\u00bb Vagas para estacionar<\/h2>\t\t\t\t<\/div>\n\t\t\t\t<\/div>\n\t\t\t\t<div class=\"elementor-element elementor-element-b770f68 elementor-widget elementor-widget-heading\" data-id=\"b770f68\" data-element_type=\"widget\" data-e-type=\"widget\" data-widget_type=\"heading.default\">\n\t\t\t\t<div class=\"elementor-widget-container\">\n\t\t\t\t\t<h2 class=\"elementor-heading-title elementor-size-default\">\u00bb Focada na qualidade<\/h2>\t\t\t\t<\/div>\n\t\t\t\t<\/div>\n\t\t\t\t<\/div>\n\t\t\t\t<\/div>\n\t\t<div class=\"elementor-element elementor-element-494dbea e-con-full blob e-flex e-con e-child\" data-id=\"494dbea\" data-element_type=\"container\" data-e-type=\"container\" data-settings=\"{&quot;background_background&quot;:&quot;classic&quot;,&quot;position&quot;:&quot;absolute&quot;}\">\n\t\t\t\t<\/div>\n\t\t<div class=\"elementor-element elementor-element-77f6535 e-con-full fakeblob e-flex e-con e-child\" data-id=\"77f6535\" data-element_type=\"container\" data-e-type=\"container\" data-settings=\"{&quot;position&quot;:&quot;absolute&quot;}\">\n\t\t\t\t<\/div>\n\t\t\t\t<\/div>\n\t\t\t\t<\/div>\n\t\t<div class=\"elementor-element elementor-element-76d5c58 e-con-full e-flex e-con e-child\" data-id=\"76d5c58\" data-element_type=\"container\" data-e-type=\"container\" data-settings=\"{&quot;background_background&quot;:&quot;gradient&quot;}\">\n\t\t\t\t<div class=\"elementor-element elementor-element-a4c8f2d elementor-widget__width-initial animated-slow elementor-widget-laptop__width-initial elementor-invisible elementor-widget elementor-widget-image\" data-id=\"a4c8f2d\" data-element_type=\"widget\" data-e-type=\"widget\" data-settings=\"{&quot;_animation&quot;:&quot;fadeIn&quot;}\" data-widget_type=\"image.default\">\n\t\t\t\t<div class=\"elementor-widget-container\">\n\t\t\t\t\t\t\t\t\t\t\t\t\t\t\t<img fetchpriority=\"high\" decoding=\"async\" width=\"1600\" height=\"1109\" src=\"https:\/\/recuperacaodadoshdpendrive.com.br\/wp-content\/uploads\/2026\/01\/manutencao-computadores-moema.png\" class=\"attachment-full size-full wp-image-8572\" alt=\"\" srcset=\"https:\/\/recuperacaodadoshdpendrive.com.br\/wp-content\/uploads\/2026\/01\/manutencao-computadores-moema.png 1600w, https:\/\/recuperacaodadoshdpendrive.com.br\/wp-content\/uploads\/2026\/01\/manutencao-computadores-moema-300x208.png 300w, https:\/\/recuperacaodadoshdpendrive.com.br\/wp-content\/uploads\/2026\/01\/manutencao-computadores-moema-1024x710.png 1024w, https:\/\/recuperacaodadoshdpendrive.com.br\/wp-content\/uploads\/2026\/01\/manutencao-computadores-moema-768x532.png 768w, https:\/\/recuperacaodadoshdpendrive.com.br\/wp-content\/uploads\/2026\/01\/manutencao-computadores-moema-1536x1065.png 1536w\" sizes=\"(max-width: 1600px) 100vw, 1600px\" \/>\t\t\t\t\t\t\t\t\t\t\t\t\t\t\t<\/div>\n\t\t\t\t<\/div>\n\t\t\t\t<div class=\"elementor-element elementor-element-4955387 animated-slow elementor-widget-tablet__width-initial elementor-widget__width-initial elementor-invisible elementor-widget elementor-widget-heading\" data-id=\"4955387\" data-element_type=\"widget\" data-e-type=\"widget\" data-settings=\"{&quot;_animation&quot;:&quot;slideInUp&quot;,&quot;_animation_delay&quot;:300}\" data-widget_type=\"heading.default\">\n\t\t\t\t<div class=\"elementor-widget-container\">\n\t\t\t\t\t<h2 class=\"elementor-heading-title elementor-size-default\">Especializada em Recupera\u00e7\u00e3o de Dados<\/h2>\t\t\t\t<\/div>\n\t\t\t\t<\/div>\n\t\t\t\t<div class=\"elementor-element elementor-element-b19934e animated-slow elementor-widget-tablet__width-initial elementor-invisible elementor-widget elementor-widget-heading\" data-id=\"b19934e\" data-element_type=\"widget\" data-e-type=\"widget\" data-settings=\"{&quot;_animation&quot;:&quot;slideInUp&quot;,&quot;_animation_delay&quot;:500}\" data-widget_type=\"heading.default\">\n\t\t\t\t<div class=\"elementor-widget-container\">\n\t\t\t\t\t<h2 class=\"elementor-heading-title elementor-size-default\">Rua Ot\u00e1vio Tarquino de Souza, 945 - Campo Belo - SP <\/h2>\t\t\t\t<\/div>\n\t\t\t\t<\/div>\n\t\t\t\t<\/div>\n\t\t\t\t<\/div>\n\t\t\t\t<\/div>\n\t\t<div class=\"elementor-element elementor-element-6c9665d e-con-full e-flex e-con e-parent\" data-id=\"6c9665d\" data-element_type=\"container\" data-e-type=\"container\" data-settings=\"{&quot;background_background&quot;:&quot;video&quot;,&quot;background_video_link&quot;:&quot;https:\\\/\\\/recuperacaodadoshdpendrive.com.br\\\/wp-content\\\/uploads\\\/2026\\\/04\\\/Intercompnet-recuperacao-de-dados-A.mp4&quot;,&quot;background_video_start&quot;:1}\">\n\t\t<div class=\"elementor-background-video-container elementor-hidden-mobile\">\n\t\t\t\t\t\t\t<video class=\"elementor-background-video-hosted\" role=\"presentation\" autoplay muted playsinline loop><\/video>\n\t\t\t\t\t<\/div>\t\t<div class=\"elementor-element elementor-element-34a825c elementor-widget__width-initial elementor-widget elementor-widget-heading\" data-id=\"34a825c\" data-element_type=\"widget\" data-e-type=\"widget\" data-widget_type=\"heading.default\">\n\t\t\t\t<div class=\"elementor-widget-container\">\n\t\t\t\t\t<h1 class=\"elementor-heading-title elementor-size-default\">Recupera\u00e7\u00e3o de dados em SSD<\/h1>\t\t\t\t<\/div>\n\t\t\t\t<\/div>\n\t\t\t\t<div class=\"elementor-element elementor-element-250363b elementor-widget-tablet_extra__width-initial elementor-widget-laptop__width-initial elementor-widget elementor-widget-image\" data-id=\"250363b\" data-element_type=\"widget\" data-e-type=\"widget\" data-settings=\"{&quot;_animation_laptop&quot;:&quot;zoomInDown&quot;}\" data-widget_type=\"image.default\">\n\t\t\t\t<div class=\"elementor-widget-container\">\n\t\t\t\t\t\t\t\t\t\t\t\t<figure class=\"wp-caption\">\n\t\t\t\t\t\t\t\t\t\t\t<a href=\"#\">\n\t\t\t\t\t\t\t<img decoding=\"async\" width=\"768\" height=\"512\" src=\"https:\/\/recuperacaodadoshdpendrive.com.br\/wp-content\/uploads\/2026\/04\/Recuperacao-de-dados-em-hd-pendrive-cartao-sd-campo-belo-moema-brooklin-sp-sao-paulo-768x512.png\" class=\"attachment-medium_large size-medium_large wp-image-12091\" alt=\"\" srcset=\"https:\/\/recuperacaodadoshdpendrive.com.br\/wp-content\/uploads\/2026\/04\/Recuperacao-de-dados-em-hd-pendrive-cartao-sd-campo-belo-moema-brooklin-sp-sao-paulo-768x512.png 768w, https:\/\/recuperacaodadoshdpendrive.com.br\/wp-content\/uploads\/2026\/04\/Recuperacao-de-dados-em-hd-pendrive-cartao-sd-campo-belo-moema-brooklin-sp-sao-paulo-300x200.png 300w, https:\/\/recuperacaodadoshdpendrive.com.br\/wp-content\/uploads\/2026\/04\/Recuperacao-de-dados-em-hd-pendrive-cartao-sd-campo-belo-moema-brooklin-sp-sao-paulo-1024x683.png 1024w, https:\/\/recuperacaodadoshdpendrive.com.br\/wp-content\/uploads\/2026\/04\/Recuperacao-de-dados-em-hd-pendrive-cartao-sd-campo-belo-moema-brooklin-sp-sao-paulo.png 1536w\" sizes=\"(max-width: 768px) 100vw, 768px\" \/>\t\t\t\t\t\t\t\t<\/a>\n\t\t\t\t\t\t\t\t\t\t\t<figcaption class=\"widget-image-caption wp-caption-text\">Recupera\u00e7\u00e3o de dados em SSD<\/figcaption>\n\t\t\t\t\t\t\t\t\t\t<\/figure>\n\t\t\t\t\t\t\t\t\t<\/div>\n\t\t\t\t<\/div>\n\t\t\t\t<\/div>\n\t\t\t\t<\/div>\n\t\t","protected":false},"excerpt":{"rendered":"<p>Assist\u00eancia t\u00e9cnica especializada em recupera\u00e7\u00e3o de dados \u00bb 30 anos de experi\u00eancia \u00bb \u00d3tima localiza\u00e7\u00e3o \u00bb Local mais seguro \u00bb Vagas para estacionar \u00bb Focada na qualidade Especializada em Recupera\u00e7\u00e3o de Dados Rua Ot\u00e1vio Tarquino de Souza, 945 &#8211; Campo Belo &#8211; SP Recupera\u00e7\u00e3o de dados em SSD Recupera\u00e7\u00e3o de dados em SSD<\/p>\n","protected":false},"author":1,"featured_media":8572,"parent":0,"menu_order":0,"comment_status":"closed","ping_status":"closed","template":"elementor_header_footer","meta":{"footnotes":""},"folder":[],"class_list":["post-312","page","type-page","status-publish","has-post-thumbnail","hentry"],"yoast_head":"<!-- This site is optimized with the Yoast SEO plugin v27.3 - https:\/\/yoast.com\/product\/yoast-seo-wordpress\/ -->\n<title>Desde 1996 | Especialistas em Manuten\u00e7\u00e3o de Computador em SP<\/title>\n<meta name=\"description\" content=\"Conserto profissional de Computador em S\u00e3o Paulo. Troca e reparos de pe\u00e7as, hd, mem\u00f3ria, placa m\u00e3e, baterias... Ligue: (11) 99445-7214\" \/>\n<meta name=\"robots\" content=\"index, follow, max-snippet:-1, max-image-preview:large, max-video-preview:-1\" \/>\n<link rel=\"canonical\" href=\"https:\/\/recuperacaodadoshdpendrive.com.br\/?page_id=312\" \/>\n<meta property=\"og:locale\" content=\"pt_BR\" \/>\n<meta property=\"og:type\" content=\"article\" \/>\n<meta property=\"og:title\" content=\"Desde 1996 | Especialistas em Manuten\u00e7\u00e3o de Computador em SP\" \/>\n<meta property=\"og:description\" content=\"Conserto profissional de Computador em S\u00e3o Paulo. Troca e reparos de pe\u00e7as, hd, mem\u00f3ria, placa m\u00e3e, baterias... Ligue: (11) 99445-7214\" \/>\n<meta property=\"og:url\" content=\"https:\/\/recuperacaodadoshdpendrive.com.br\/?page_id=312\" \/>\n<meta property=\"og:site_name\" content=\"Recupera\u00e7\u00e3o de Dados em S\u00e3o Paulo\" \/>\n<meta property=\"article:modified_time\" content=\"2026-04-11T20:02:18+00:00\" \/>\n<meta property=\"og:image\" content=\"https:\/\/recuperacaodadoshdpendrive.com.br\/wp-content\/uploads\/2026\/01\/manutencao-computadores-moema.png\" \/>\n\t<meta property=\"og:image:width\" content=\"1600\" \/>\n\t<meta property=\"og:image:height\" content=\"1109\" \/>\n\t<meta property=\"og:image:type\" content=\"image\/png\" \/>\n<meta name=\"twitter:card\" content=\"summary_large_image\" \/>\n<meta name=\"twitter:label1\" content=\"Est. tempo de leitura\" \/>\n\t<meta name=\"twitter:data1\" content=\"1 minuto\" \/>\n<script type=\"application\/ld+json\" class=\"yoast-schema-graph\">{\"@context\":\"https:\\\/\\\/schema.org\",\"@graph\":[{\"@type\":\"WebPage\",\"@id\":\"https:\\\/\\\/recuperacaodadoshdpendrive.com.br\\\/?page_id=312\",\"url\":\"https:\\\/\\\/recuperacaodadoshdpendrive.com.br\\\/?page_id=312\",\"name\":\"Desde 1996 | Especialistas em Manuten\u00e7\u00e3o de Computador em SP\",\"isPartOf\":{\"@id\":\"https:\\\/\\\/recuperacaodadoshdpendrive.com.br\\\/#website\"},\"primaryImageOfPage\":{\"@id\":\"https:\\\/\\\/recuperacaodadoshdpendrive.com.br\\\/?page_id=312#primaryimage\"},\"image\":{\"@id\":\"https:\\\/\\\/recuperacaodadoshdpendrive.com.br\\\/?page_id=312#primaryimage\"},\"thumbnailUrl\":\"https:\\\/\\\/recuperacaodadoshdpendrive.com.br\\\/wp-content\\\/uploads\\\/2026\\\/01\\\/manutencao-computadores-moema.png\",\"datePublished\":\"2025-05-30T14:34:27+00:00\",\"dateModified\":\"2026-04-11T20:02:18+00:00\",\"description\":\"Conserto profissional de Computador em S\u00e3o Paulo. Troca e reparos de pe\u00e7as, hd, mem\u00f3ria, placa m\u00e3e, baterias... Ligue: (11) 99445-7214\",\"breadcrumb\":{\"@id\":\"https:\\\/\\\/recuperacaodadoshdpendrive.com.br\\\/?page_id=312#breadcrumb\"},\"inLanguage\":\"pt-BR\",\"potentialAction\":[{\"@type\":\"ReadAction\",\"target\":[\"https:\\\/\\\/recuperacaodadoshdpendrive.com.br\\\/?page_id=312\"]}]},{\"@type\":\"ImageObject\",\"inLanguage\":\"pt-BR\",\"@id\":\"https:\\\/\\\/recuperacaodadoshdpendrive.com.br\\\/?page_id=312#primaryimage\",\"url\":\"https:\\\/\\\/recuperacaodadoshdpendrive.com.br\\\/wp-content\\\/uploads\\\/2026\\\/01\\\/manutencao-computadores-moema.png\",\"contentUrl\":\"https:\\\/\\\/recuperacaodadoshdpendrive.com.br\\\/wp-content\\\/uploads\\\/2026\\\/01\\\/manutencao-computadores-moema.png\",\"width\":1600,\"height\":1109},{\"@type\":\"BreadcrumbList\",\"@id\":\"https:\\\/\\\/recuperacaodadoshdpendrive.com.br\\\/?page_id=312#breadcrumb\",\"itemListElement\":[{\"@type\":\"ListItem\",\"position\":1,\"name\":\"In\u00edcio\",\"item\":\"https:\\\/\\\/recuperacaodadoshdpendrive.com.br\\\/\"},{\"@type\":\"ListItem\",\"position\":2,\"name\":\"Desde 1996 | Servi\u00e7os em Equipamentos de Informatica\"}]},{\"@type\":\"WebSite\",\"@id\":\"https:\\\/\\\/recuperacaodadoshdpendrive.com.br\\\/#website\",\"url\":\"https:\\\/\\\/recuperacaodadoshdpendrive.com.br\\\/\",\"name\":\"Recupera\u00e7\u00e3o de Dados em S\u00e3o Paulo\",\"description\":\"Recupera\u00e7\u00e3o de dados em HD, Pendrive, Cart\u00e3o de mem\u00f3ria SD\",\"publisher\":{\"@id\":\"https:\\\/\\\/recuperacaodadoshdpendrive.com.br\\\/#organization\"},\"potentialAction\":[{\"@type\":\"SearchAction\",\"target\":{\"@type\":\"EntryPoint\",\"urlTemplate\":\"https:\\\/\\\/recuperacaodadoshdpendrive.com.br\\\/?s={search_term_string}\"},\"query-input\":{\"@type\":\"PropertyValueSpecification\",\"valueRequired\":true,\"valueName\":\"search_term_string\"}}],\"inLanguage\":\"pt-BR\"},{\"@type\":\"Organization\",\"@id\":\"https:\\\/\\\/recuperacaodadoshdpendrive.com.br\\\/#organization\",\"name\":\"Recupera\u00e7\u00e3o de Dados em S\u00e3o Paulo\",\"url\":\"https:\\\/\\\/recuperacaodadoshdpendrive.com.br\\\/\",\"logo\":{\"@type\":\"ImageObject\",\"inLanguage\":\"pt-BR\",\"@id\":\"https:\\\/\\\/recuperacaodadoshdpendrive.com.br\\\/#\\\/schema\\\/logo\\\/image\\\/\",\"url\":\"\",\"contentUrl\":\"\",\"caption\":\"Recupera\u00e7\u00e3o de Dados em S\u00e3o Paulo\"},\"image\":{\"@id\":\"https:\\\/\\\/recuperacaodadoshdpendrive.com.br\\\/#\\\/schema\\\/logo\\\/image\\\/\"}}]}<\/script>\n<!-- \/ Yoast SEO plugin. -->","yoast_head_json":{"title":"Desde 1996 | Especialistas em Manuten\u00e7\u00e3o de Computador em SP","description":"Conserto profissional de Computador em S\u00e3o Paulo. Troca e reparos de pe\u00e7as, hd, mem\u00f3ria, placa m\u00e3e, baterias... Ligue: (11) 99445-7214","robots":{"index":"index","follow":"follow","max-snippet":"max-snippet:-1","max-image-preview":"max-image-preview:large","max-video-preview":"max-video-preview:-1"},"canonical":"https:\/\/recuperacaodadoshdpendrive.com.br\/?page_id=312","og_locale":"pt_BR","og_type":"article","og_title":"Desde 1996 | Especialistas em Manuten\u00e7\u00e3o de Computador em SP","og_description":"Conserto profissional de Computador em S\u00e3o Paulo. Troca e reparos de pe\u00e7as, hd, mem\u00f3ria, placa m\u00e3e, baterias... Ligue: (11) 99445-7214","og_url":"https:\/\/recuperacaodadoshdpendrive.com.br\/?page_id=312","og_site_name":"Recupera\u00e7\u00e3o de Dados em S\u00e3o Paulo","article_modified_time":"2026-04-11T20:02:18+00:00","og_image":[{"width":1600,"height":1109,"url":"https:\/\/recuperacaodadoshdpendrive.com.br\/wp-content\/uploads\/2026\/01\/manutencao-computadores-moema.png","type":"image\/png"}],"twitter_card":"summary_large_image","twitter_misc":{"Est. tempo de leitura":"1 minuto"},"schema":{"@context":"https:\/\/schema.org","@graph":[{"@type":"WebPage","@id":"https:\/\/recuperacaodadoshdpendrive.com.br\/?page_id=312","url":"https:\/\/recuperacaodadoshdpendrive.com.br\/?page_id=312","name":"Desde 1996 | Especialistas em Manuten\u00e7\u00e3o de Computador em SP","isPartOf":{"@id":"https:\/\/recuperacaodadoshdpendrive.com.br\/#website"},"primaryImageOfPage":{"@id":"https:\/\/recuperacaodadoshdpendrive.com.br\/?page_id=312#primaryimage"},"image":{"@id":"https:\/\/recuperacaodadoshdpendrive.com.br\/?page_id=312#primaryimage"},"thumbnailUrl":"https:\/\/recuperacaodadoshdpendrive.com.br\/wp-content\/uploads\/2026\/01\/manutencao-computadores-moema.png","datePublished":"2025-05-30T14:34:27+00:00","dateModified":"2026-04-11T20:02:18+00:00","description":"Conserto profissional de Computador em S\u00e3o Paulo. Troca e reparos de pe\u00e7as, hd, mem\u00f3ria, placa m\u00e3e, baterias... Ligue: (11) 99445-7214","breadcrumb":{"@id":"https:\/\/recuperacaodadoshdpendrive.com.br\/?page_id=312#breadcrumb"},"inLanguage":"pt-BR","potentialAction":[{"@type":"ReadAction","target":["https:\/\/recuperacaodadoshdpendrive.com.br\/?page_id=312"]}]},{"@type":"ImageObject","inLanguage":"pt-BR","@id":"https:\/\/recuperacaodadoshdpendrive.com.br\/?page_id=312#primaryimage","url":"https:\/\/recuperacaodadoshdpendrive.com.br\/wp-content\/uploads\/2026\/01\/manutencao-computadores-moema.png","contentUrl":"https:\/\/recuperacaodadoshdpendrive.com.br\/wp-content\/uploads\/2026\/01\/manutencao-computadores-moema.png","width":1600,"height":1109},{"@type":"BreadcrumbList","@id":"https:\/\/recuperacaodadoshdpendrive.com.br\/?page_id=312#breadcrumb","itemListElement":[{"@type":"ListItem","position":1,"name":"In\u00edcio","item":"https:\/\/recuperacaodadoshdpendrive.com.br\/"},{"@type":"ListItem","position":2,"name":"Desde 1996 | Servi\u00e7os em Equipamentos de Informatica"}]},{"@type":"WebSite","@id":"https:\/\/recuperacaodadoshdpendrive.com.br\/#website","url":"https:\/\/recuperacaodadoshdpendrive.com.br\/","name":"Recupera\u00e7\u00e3o de Dados em S\u00e3o Paulo","description":"Recupera\u00e7\u00e3o de dados em HD, Pendrive, Cart\u00e3o de mem\u00f3ria SD","publisher":{"@id":"https:\/\/recuperacaodadoshdpendrive.com.br\/#organization"},"potentialAction":[{"@type":"SearchAction","target":{"@type":"EntryPoint","urlTemplate":"https:\/\/recuperacaodadoshdpendrive.com.br\/?s={search_term_string}"},"query-input":{"@type":"PropertyValueSpecification","valueRequired":true,"valueName":"search_term_string"}}],"inLanguage":"pt-BR"},{"@type":"Organization","@id":"https:\/\/recuperacaodadoshdpendrive.com.br\/#organization","name":"Recupera\u00e7\u00e3o de Dados em S\u00e3o Paulo","url":"https:\/\/recuperacaodadoshdpendrive.com.br\/","logo":{"@type":"ImageObject","inLanguage":"pt-BR","@id":"https:\/\/recuperacaodadoshdpendrive.com.br\/#\/schema\/logo\/image\/","url":"","contentUrl":"","caption":"Recupera\u00e7\u00e3o de Dados em S\u00e3o Paulo"},"image":{"@id":"https:\/\/recuperacaodadoshdpendrive.com.br\/#\/schema\/logo\/image\/"}}]}},"_hostinger_reach_plugin_has_subscription_block":false,"_hostinger_reach_plugin_is_elementor":false,"_links":{"self":[{"href":"https:\/\/recuperacaodadoshdpendrive.com.br\/index.php?rest_route=\/wp\/v2\/pages\/312","targetHints":{"allow":["GET"]}}],"collection":[{"href":"https:\/\/recuperacaodadoshdpendrive.com.br\/index.php?rest_route=\/wp\/v2\/pages"}],"about":[{"href":"https:\/\/recuperacaodadoshdpendrive.com.br\/index.php?rest_route=\/wp\/v2\/types\/page"}],"author":[{"embeddable":true,"href":"https:\/\/recuperacaodadoshdpendrive.com.br\/index.php?rest_route=\/wp\/v2\/users\/1"}],"replies":[{"embeddable":true,"href":"https:\/\/recuperacaodadoshdpendrive.com.br\/index.php?rest_route=%2Fwp%2Fv2%2Fcomments&post=312"}],"version-history":[{"count":40,"href":"https:\/\/recuperacaodadoshdpendrive.com.br\/index.php?rest_route=\/wp\/v2\/pages\/312\/revisions"}],"predecessor-version":[{"id":12094,"href":"https:\/\/recuperacaodadoshdpendrive.com.br\/index.php?rest_route=\/wp\/v2\/pages\/312\/revisions\/12094"}],"wp:featuredmedia":[{"embeddable":true,"href":"https:\/\/recuperacaodadoshdpendrive.com.br\/index.php?rest_route=\/wp\/v2\/media\/8572"}],"wp:attachment":[{"href":"https:\/\/recuperacaodadoshdpendrive.com.br\/index.php?rest_route=%2Fwp%2Fv2%2Fmedia&parent=312"}],"wp:term":[{"taxonomy":"folder","embeddable":true,"href":"https:\/\/recuperacaodadoshdpendrive.com.br\/index.php?rest_route=%2Fwp%2Fv2%2Ffolder&post=312"}],"curies":[{"name":"wp","href":"https:\/\/api.w.org\/{rel}","templated":true}]}}